{"id":1679,"date":"2025-01-17T15:09:16","date_gmt":"2025-01-17T15:09:16","guid":{"rendered":"https:\/\/liepsnele.eu\/?page_id=1679"},"modified":"2025-01-17T15:11:55","modified_gmt":"2025-01-17T15:11:55","slug":"taisykles","status":"publish","type":"page","link":"https:\/\/liepsnele.eu\/sk\/pravidla\/","title":{"rendered":"Pravidl\u00e1"},"content":{"rendered":"<ul class=\"wp-block-list\">\n<li><strong>V\u0161eobecn\u00e9 ustanovenia<\/strong>\n<ul class=\"wp-block-list\">\n<li>Tieto pravidl\u00e1 stanovuj\u00fa z\u00e1kladn\u00e9 z\u00e1sady pou\u017e\u00edvania webovej str\u00e1nky\u00a0<a href=\"http:\/\/liepsnele.eu\" data-type=\"link\" data-id=\"liepsnele.eu\">www.liepsnele.eu<\/a>\u00a0podmienky.<\/li>\n\n\n\n<li>Pou\u017e\u00edvan\u00edm tejto webovej str\u00e1nky pou\u017e\u00edvatelia akceptuj\u00fa tieto pravidl\u00e1 a s\u00fahlasia s nimi.<\/li>\n\n\n\n<li>Spr\u00e1va webovej str\u00e1nky si vyhradzuje pr\u00e1vo kedyko\u013evek zmeni\u0165 alebo aktualizova\u0165 tieto pravidl\u00e1 bez predch\u00e1dzaj\u00faceho upozornenia. Nov\u00e9 pravidl\u00e1 nadob\u00fadaj\u00fa platnos\u0165 po ich uverejnen\u00ed na webovej str\u00e1nke.<\/li>\n<\/ul>\n<\/li>\n\n\n\n<li><strong>Povinnosti pou\u017e\u00edvate\u013ea<\/strong>\n<ul class=\"wp-block-list\">\n<li>Pou\u017e\u00edvatelia webovej lokality sa zav\u00e4zuj\u00fa, \u017ee ju nebud\u00fa pou\u017e\u00edva\u0165 na \u017eiadnu nez\u00e1konn\u00fa \u010dinnos\u0165 vr\u00e1tane \u0161\u00edrenia obsahu, ktor\u00fd m\u00f4\u017ee by\u0165 nez\u00e1konn\u00fd, hanliv\u00fd, ohrozuj\u00faci alebo poru\u0161uj\u00faci pr\u00e1va inej osoby.<\/li>\n\n\n\n<li>Pou\u017e\u00edvatelia s\u00fa zodpovedn\u00ed za bezpe\u010dnos\u0165 svojich osobn\u00fdch \u00fadajov, ako s\u00fa hesl\u00e1 a in\u00e1 ochrana \u00fadajov. Webov\u00e1 str\u00e1nka nenesie \u017eiadnu zodpovednos\u0165 za \u0161kody sp\u00f4soben\u00e9 nedbalos\u0165ou pou\u017e\u00edvate\u013ea.<\/li>\n<\/ul>\n<\/li>\n\n\n\n<li><strong>Objedn\u00e1vacie a n\u00e1kupn\u00e9 podmienky<\/strong>\n<ul class=\"wp-block-list\">\n<li>Podan\u00edm objedn\u00e1vky na webovej str\u00e1nke pou\u017e\u00edvatelia potvrdzuj\u00fa, \u017ee poskytli spr\u00e1vne a \u00fapln\u00e9 \u00fadaje.<\/li>\n\n\n\n<li>Spr\u00e1va webovej str\u00e1nky si vyhradzuje pr\u00e1vo odmietnu\u0165 objedn\u00e1vku, ak m\u00e1 podozrenie na nespr\u00e1vne \u00fadaje alebo in\u00e9 nezrovnalosti.<\/li>\n\n\n\n<li>Ceny a ponuky produktov sa m\u00f4\u017eu zmeni\u0165 bez predch\u00e1dzaj\u00faceho upozornenia.<\/li>\n<\/ul>\n<\/li>\n\n\n\n<li><strong>Platba a doru\u010denie<\/strong>\n<ul class=\"wp-block-list\">\n<li>Na webovej str\u00e1nke\u00a0<a href=\"http:\/\/liepsnele.eu\" data-type=\"link\" data-id=\"liepsnele.eu\">www.liepsnele.eu<\/a>\u00a0s\u00fa akceptovan\u00e9 r\u00f4zne sp\u00f4soby platby.<\/li>\n\n\n\n<li>Podmienky doru\u010denia n\u00e1jdete v samostatnej \u010dasti o doru\u010den\u00ed.<\/li>\n\n\n\n<li>Webov\u00e1 str\u00e1nka nenesie \u017eiadnu zodpovednos\u0165 za oneskorenie doru\u010denia sp\u00f4soben\u00e9 po\u0161tov\u00fdmi slu\u017ebami, kuri\u00e9rmi alebo in\u00fdmi nepredv\u00eddate\u013en\u00fdmi okolnos\u0165ami.<\/li>\n<\/ul>\n<\/li>\n\n\n\n<li><strong>Ochrana osobn\u00fdch \u00fadajov<\/strong>\n<ul class=\"wp-block-list\">\n<li>Osobn\u00e9 \u00fadaje poskytnut\u00e9 pou\u017e\u00edvate\u013emi sa sprac\u00favaj\u00fa v s\u00falade s pr\u00e1vnymi predpismi Litovskej republiky a v\u0161eobecn\u00fdm nariaden\u00edm Eur\u00f3pskej \u00fanie o ochrane \u00fadajov (GDPR).<\/li>\n\n\n\n<li>\u010eal\u0161ie inform\u00e1cie o ochrane osobn\u00fdch \u00fadajov n\u00e1jdete v na\u0161ej\u00a0<strong>Z\u00e1sady ochrany osobn\u00fdch \u00fadajov<\/strong>.<\/li>\n<\/ul>\n<\/li>\n\n\n\n<li><strong>Pr\u00e1va du\u0161evn\u00e9ho vlastn\u00edctva<\/strong>\n<ul class=\"wp-block-list\">\n<li>V\u0161etky texty, obr\u00e1zky, log\u00e1 a in\u00e9 inform\u00e1cie na webovej str\u00e1nke s\u00fa majetkom vlastn\u00edkov webovej str\u00e1nky alebo tvorcov obsahu na z\u00e1klade z\u00e1konnej licencie. \u017diadny materi\u00e1l na str\u00e1nke sa nesmie kop\u00edrova\u0165, \u0161\u00edri\u0165 alebo pou\u017e\u00edva\u0165 bez s\u00fahlasu spr\u00e1vy str\u00e1nky.<\/li>\n<\/ul>\n<\/li>\n\n\n\n<li><strong>Odkazy tret\u00edch str\u00e1n<\/strong>\n<ul class=\"wp-block-list\">\n<li>Webov\u00e9 str\u00e1nky m\u00f4\u017eu obsahova\u0165 odkazy na webov\u00e9 str\u00e1nky tret\u00edch str\u00e1n. Spr\u00e1va str\u00e1nky nezodpoved\u00e1 za obsah, z\u00e1sady ochrany osobn\u00fdch \u00fadajov ani in\u00e9 slu\u017eby t\u00fdchto str\u00e1nok.<\/li>\n<\/ul>\n<\/li>\n\n\n\n<li><strong>Obmedzenie zodpovednosti<\/strong>\n<ul class=\"wp-block-list\">\n<li>Spr\u00e1va webovej str\u00e1nky vynaklad\u00e1 maxim\u00e1lne \u00fasilie na zabezpe\u010denie spr\u00e1vnosti obsahu webovej str\u00e1nky a jej nepretr\u017eitej prev\u00e1dzky, ale nezodpoved\u00e1 za \u017eiadne v\u00fdpadky alebo \u0161kody sp\u00f4soben\u00e9 poruchami alebo chybami v obsahu.<\/li>\n\n\n\n<li>Pou\u017e\u00edvatelia webovej str\u00e1nky ju pou\u017e\u00edvaj\u00fa na vlastn\u00e9 riziko. Webov\u00e1 lokalita nezodpoved\u00e1 za \u017eiadne priame ani nepriame \u0161kody v s\u00favislosti s pou\u017e\u00edvan\u00edm webovej lokality alebo nemo\u017enos\u0165ou pou\u017e\u00edva\u0165 slu\u017eby.<\/li>\n<\/ul>\n<\/li>\n\n\n\n<li><strong>Z\u00e1vere\u010dn\u00e9 ustanovenia<\/strong>\n<ul class=\"wp-block-list\">\n<li>V\u0161etky spory vypl\u00fdvaj\u00face z dodr\u017eiavania t\u00fdchto pravidiel sa rie\u0161ia rokovan\u00edm alebo v s\u00falade s postupom stanoven\u00fdm pr\u00e1vnymi predpismi Litovskej republiky.<\/li>\n\n\n\n<li>Ak sa niektor\u00e1 \u010das\u0165 t\u00fdchto pravidiel vyhl\u00e1si za nez\u00e1konn\u00fa alebo neplatn\u00fa, ostatn\u00e9 \u010dasti pravidiel zost\u00e1vaj\u00fa v platnosti.<\/li>\n<\/ul>\n<\/li>\n<\/ul>\n\n\n\n<h2 class=\"wp-block-heading\">Pravidl\u00e1 bezplatn\u00e9ho doru\u010denia v Litve:<\/h2>\n\n\n\n<ol class=\"wp-block-list\">\n<li><strong>Podmienky bezplatn\u00e9ho doru\u010denia<\/strong>:\n<ul class=\"wp-block-list\">\n<li>Bezplatn\u00e9 doru\u010denie sa vz\u0165ahuje na v\u0161etky objedn\u00e1vky v celkovej hodnote aspo\u0148 500 EUR.<\/li>\n\n\n\n<li>Bezplatn\u00e9 doru\u010denie plat\u00ed len pre objedn\u00e1vky doru\u010den\u00e9 v r\u00e1mci Litvy.<\/li>\n<\/ul>\n<\/li>\n\n\n\n<li><strong>\u010cas dodania<\/strong>:\n<ul class=\"wp-block-list\">\n<li>Dodanie v Litve zvy\u010dajne trv\u00e1 2 a\u017e 3 pracovn\u00e9 dni.<\/li>\n\n\n\n<li>Nepriazniv\u00e9 poveternostn\u00e9 podmienky, sez\u00f3nne \u0161pi\u010dky alebo in\u00e9 extern\u00e9 faktory m\u00f4\u017eu ma\u0165 za n\u00e1sledok dlh\u0161ie dodacie lehoty.<\/li>\n<\/ul>\n<\/li>\n\n\n\n<li><strong>Met\u00f3dy doru\u010denia<\/strong>:\n<ul class=\"wp-block-list\">\n<li>Pri objedn\u00e1vkach s bezplatn\u00fdm doru\u010den\u00edm vyu\u017e\u00edvame spo\u013eahliv\u00fdch logistick\u00fdch partnerov pod\u013ea n\u00e1\u0161ho v\u00fdberu.<\/li>\n\n\n\n<li>Tovar je mo\u017en\u00e9 doru\u010di\u0165 bu\u010f domov, alebo na po\u0161tu, v z\u00e1vislosti od v\u00fdberu a dostupnosti z\u00e1kazn\u00edka.<\/li>\n<\/ul>\n<\/li>\n\n\n\n<li><strong>Ostatn\u00e9 podmienky<\/strong>:\n<ul class=\"wp-block-list\">\n<li>Doru\u010denie zdarma neplat\u00ed, ak sa na objedn\u00e1vku vz\u0165ahuj\u00fa z\u013eavy, propaga\u010dn\u00e9 akcie alebo v\u00fdpredaje, ak nie je uveden\u00e9 inak.<\/li>\n\n\n\n<li>Spr\u00e1va webovej str\u00e1nky si vyhradzuje pr\u00e1vo zmeni\u0165 dodacie podmienky bez predch\u00e1dzaj\u00faceho upozornenia, ale zmeny sa nebud\u00fa vz\u0165ahova\u0165 na u\u017e zadan\u00e9 objedn\u00e1vky.<\/li>\n<\/ul>\n<\/li>\n<\/ol>\n\n\n\n<h2 class=\"wp-block-heading\">Pravidl\u00e1 vr\u00e1tenia tovaru<\/h2>\n\n\n\n<ol class=\"wp-block-list\">\n<li><strong>Lehota na vr\u00e1tenie tovaru<\/strong> Spotrebite\u013e m\u00e1 pr\u00e1vo vr\u00e1ti\u0165 tovar do 14 kalend\u00e1rnych dn\u00ed odo d\u0148a prevzatia tovaru bez oh\u013eadu na d\u00f4vod.<\/li>\n\n\n\n<li><strong>Stav vr\u00e1ten\u00e9ho tovaru<\/strong> V\u00fdrobok mus\u00ed by\u0165 vr\u00e1ten\u00fd v p\u00f4vodnom obale, v dobrom stave (neporu\u0161en\u00e9 \u0161t\u00edtky, nepou\u017eit\u00fd, \u010dist\u00fd a nepo\u0161koden\u00fd). Vr\u00e1ten\u00fd tovar nesmie by\u0165 pou\u017e\u00edvan\u00fd, okrem rozsahu potrebn\u00e9ho na ur\u010denie povahy, vlastnost\u00ed a v\u00fdkonu tovaru.<\/li>\n\n\n\n<li><strong>Proces vr\u00e1tenia<\/strong> Ak chcete vr\u00e1ti\u0165 tovar, mus\u00edte vyplni\u0165 formul\u00e1r na vr\u00e1tenie tovaru na na\u0161ej webovej str\u00e1nke alebo n\u00e1s kontaktova\u0165 e-mailom: <a>info@liepsnele.com<\/a>. Vyplnen\u00fd formul\u00e1r alebo e-mail je potrebn\u00e9 odosla\u0165 do 14 dn\u00ed od prijatia tovaru.<\/li>\n\n\n\n<li><strong>N\u00e1klady na vr\u00e1tenie tovaru<\/strong> Ak vr\u00e1ten\u00fd v\u00fdrobok sp\u013a\u0148a v\u0161etky po\u017eiadavky, spotrebite\u013eovi bude vr\u00e1ten\u00e1 cel\u00e1 suma zaplaten\u00e1 za v\u00fdrobok bez n\u00e1kladov na doru\u010denie. N\u00e1klady na sp\u00e4tn\u00e9 po\u0161tovn\u00e9 zn\u00e1\u0161a kupuj\u00faci, pokia\u013e prijat\u00fd tovar nebol po\u0161koden\u00fd alebo chybn\u00fd.<\/li>\n\n\n\n<li><strong>Podmienky vr\u00e1tenia tovaru<\/strong> Tieto pravidl\u00e1 vr\u00e1tenia sa nevz\u0165ahuj\u00fa na tovar, ktor\u00fd bol vyroben\u00fd na z\u00e1kazku, alebo na tovar, ktor\u00fd je klasifikovan\u00fd ako tovar podliehaj\u00faci skaze, alebo na kateg\u00f3rie tovaru, ktor\u00fd nie je mo\u017en\u00e9 vr\u00e1ti\u0165 z hygienick\u00fdch alebo zdravotn\u00fdch d\u00f4vodov.<\/li>\n\n\n\n<li><strong>Vr\u00e1tenie pe\u0148az\u00ed<\/strong> Peniaze za vr\u00e1ten\u00fd tovar bud\u00fa vr\u00e1ten\u00e9 na \u00fa\u010det uveden\u00fd z\u00e1kazn\u00edkom do 14 dn\u00ed od prijatia a kontroly tovaru.<\/li>\n\n\n\n<li><strong>Z\u00e1ruka kvality a chybn\u00fd tovar<\/strong> Ak je prijat\u00fd tovar chybn\u00fd alebo nezodpoved\u00e1 va\u0161ej objedn\u00e1vke, zav\u00e4zujeme sa ho vymeni\u0165 za vhodn\u00fd alebo v\u00e1m vr\u00e1ti\u0165 peniaze bez ak\u00fdchko\u013evek \u010fal\u0161\u00edch podmienok. N\u00e1klady na vr\u00e1tenie chybn\u00e9ho tovaru zn\u00e1\u0161ame my.<\/li>\n\n\n\n<li><strong>Kontakt<\/strong> Ak m\u00e1te ak\u00e9ko\u013evek ot\u00e1zky t\u00fdkaj\u00face sa vr\u00e1tenia tovaru, kontaktujte n\u00e1s e-mailom: <a>info@liepsnele.com<\/a> alebo telefonicky na \u010d\u00edsle +370 612 95599<\/li>\n<\/ol>","protected":false},"excerpt":{"rendered":"<p>Pravidl\u00e1 bezplatn\u00e9ho doru\u010denia v Litve: Pravidl\u00e1 vr\u00e1tenia tovaru<\/p>","protected":false},"author":1,"featured_media":0,"parent":0,"menu_order":0,"comment_status":"closed","ping_status":"closed","template":"","meta":{"order-bump-settings":[],"_wpfnl_thankyou_order_overview":"on","_wpfnl_thankyou_order_details":"on","_wpfnl_thankyou_billing_details":"on","_wpfnl_thankyou_shipping_details":"on","footnotes":""},"class_list":["post-1679","page","type-page","status-publish","hentry"],"_links":{"self":[{"href":"https:\/\/liepsnele.eu\/sk\/wp-json\/wp\/v2\/pages\/1679","targetHints":{"allow":["GET"]}}],"collection":[{"href":"https:\/\/liepsnele.eu\/sk\/wp-json\/wp\/v2\/pages"}],"about":[{"href":"https:\/\/liepsnele.eu\/sk\/wp-json\/wp\/v2\/types\/page"}],"author":[{"embeddable":true,"href":"https:\/\/liepsnele.eu\/sk\/wp-json\/wp\/v2\/users\/1"}],"replies":[{"embeddable":true,"href":"https:\/\/liepsnele.eu\/sk\/wp-json\/wp\/v2\/comments?post=1679"}],"version-history":[{"count":0,"href":"https:\/\/liepsnele.eu\/sk\/wp-json\/wp\/v2\/pages\/1679\/revisions"}],"wp:attachment":[{"href":"https:\/\/liepsnele.eu\/sk\/wp-json\/wp\/v2\/media?parent=1679"}],"curies":[{"name":"wp","href":"https:\/\/api.w.org\/{rel}","templated":true}]}}