{"id":2,"date":"2024-11-29T12:07:21","date_gmt":"2024-11-29T12:07:21","guid":{"rendered":"http:\/\/liepsnele.eu\/?page_id=2"},"modified":"2024-11-29T12:07:21","modified_gmt":"2024-11-29T12:07:21","slug":"sample-page","status":"publish","type":"page","link":"https:\/\/liepsnele.eu\/sk\/vzorova-stranka\/","title":{"rendered":"Uk\u00e1\u017ekov\u00e1 str\u00e1nka"},"content":{"rendered":"<p>Toto je pr\u00edklad str\u00e1nky. Od pr\u00edspevku na blogu sa l\u00ed\u0161i t\u00fdm, \u017ee zostane na jednom mieste a zobraz\u00ed sa v navig\u00e1cii v\u00e1\u0161ho webu (vo v\u00e4\u010d\u0161ine t\u00e9m). V\u00e4\u010d\u0161ina \u013eud\u00ed za\u010d\u00edna str\u00e1nkou O str\u00e1nke, ktor\u00e1 ich predstavuje potenci\u00e1lnym n\u00e1v\u0161tevn\u00edkom webu. M\u00f4\u017ee na nej by\u0165 nap\u00edsan\u00e9 nie\u010do podobn\u00e9:<\/p>\n\n\n\n<blockquote class=\"wp-block-quote is-layout-flow wp-block-quote-is-layout-flow\"><p>Ahoj! Cez de\u0148 som posl\u00ed\u010dek na bicykli, v noci som za\u010d\u00ednaj\u00faci herec a toto je moja webov\u00e1 str\u00e1nka. \u017dijem v Los Angeles, m\u00e1m skvel\u00e9ho psa menom Jack a m\u00e1m r\u00e1d pi\u0148a coladu (a d\u00e1\u017e\u010f).<\/p><\/blockquote>\n\n\n\n<p>...alebo nie\u010do podobn\u00e9:<\/p>\n\n\n\n<blockquote class=\"wp-block-quote is-layout-flow wp-block-quote-is-layout-flow\"><p>Spolo\u010dnos\u0165 XYZ Doohickey Company bola zalo\u017een\u00e1 v roku 1971 a odvtedy poskytuje verejnosti kvalitn\u00e9 hra\u010dky. Spolo\u010dnos\u0165 XYZ, ktor\u00e1 sa nach\u00e1dza v Gotham City, zamestn\u00e1va viac ako 2 000 \u013eud\u00ed a rob\u00ed pre gothamsk\u00fa komunitu r\u00f4zne \u00fa\u017easn\u00e9 veci.<\/p><\/blockquote>\n\n\n\n<p>Ako nov\u00fd pou\u017e\u00edvate\u013e WordPress by ste mali prejs\u0165 na str\u00e1nku <a href=\"http:\/\/liepsnele.eu\/wp-admin\/\">v\u00e1\u0161 pr\u00edstrojov\u00fd panel<\/a> odstr\u00e1ni\u0165 t\u00fato str\u00e1nku a vytvori\u0165 nov\u00e9 str\u00e1nky pre svoj obsah. Bavte sa!<\/p>","protected":false},"excerpt":{"rendered":"<p>This is an example page. It&#8217;s different from a blog post because it will stay in one place and will show up in your site navigation (in most themes). Most people start with an About page that introduces them to potential site visitors. It might say something like this: Hi there! I&#8217;m a bike messenger [&hellip;]<\/p>","protected":false},"author":1,"featured_media":0,"parent":0,"menu_order":0,"comment_status":"closed","ping_status":"open","template":"","meta":{"order-bump-settings":[],"_wpfnl_thankyou_order_overview":"on","_wpfnl_thankyou_order_details":"on","_wpfnl_thankyou_billing_details":"on","_wpfnl_thankyou_shipping_details":"on","footnotes":""},"class_list":["post-2","page","type-page","status-publish","hentry"],"_links":{"self":[{"href":"https:\/\/liepsnele.eu\/sk\/wp-json\/wp\/v2\/pages\/2","targetHints":{"allow":["GET"]}}],"collection":[{"href":"https:\/\/liepsnele.eu\/sk\/wp-json\/wp\/v2\/pages"}],"about":[{"href":"https:\/\/liepsnele.eu\/sk\/wp-json\/wp\/v2\/types\/page"}],"author":[{"embeddable":true,"href":"https:\/\/liepsnele.eu\/sk\/wp-json\/wp\/v2\/users\/1"}],"replies":[{"embeddable":true,"href":"https:\/\/liepsnele.eu\/sk\/wp-json\/wp\/v2\/comments?post=2"}],"version-history":[{"count":0,"href":"https:\/\/liepsnele.eu\/sk\/wp-json\/wp\/v2\/pages\/2\/revisions"}],"wp:attachment":[{"href":"https:\/\/liepsnele.eu\/sk\/wp-json\/wp\/v2\/media?parent=2"}],"curies":[{"name":"wp","href":"https:\/\/api.w.org\/{rel}","templated":true}]}}