{"id":3,"date":"2024-11-29T12:07:21","date_gmt":"2024-11-29T12:07:21","guid":{"rendered":"http:\/\/liepsnele.eu\/?page_id=3"},"modified":"2025-01-16T14:38:31","modified_gmt":"2025-01-16T14:38:31","slug":"privacy-policy","status":"publish","type":"page","link":"https:\/\/liepsnele.eu\/sk\/zasady-ochrany-osobnych-udajov\/","title":{"rendered":"Pravidl\u00e1 spracovania osobn\u00fdch \u00fadajov"},"content":{"rendered":"<h2 class=\"wp-block-heading\"><strong>Kto sme<\/strong><br>Navrhovan\u00fd text: na\u0161a webov\u00e1 adresa: <a href=\"https:\/\/liepsnele.eu\">https:\/\/liepsnele.eu<\/a>.<\/h2>\n\n\n\n<p><strong>Koment\u00e1re<\/strong><br>Navrhovan\u00fd text: ke\u010f n\u00e1v\u0161tevn\u00edci zanech\u00e1vaj\u00fa koment\u00e1re na webovej str\u00e1nke, zhroma\u017e\u010fujeme \u00fadaje, ktor\u00e9 s\u00fa uveden\u00e9 vo formul\u00e1ri koment\u00e1ra, vr\u00e1tane IP adresy n\u00e1v\u0161tevn\u00edka a re\u0165azca pou\u017e\u00edvate\u013esk\u00e9ho agenta prehliada\u010da, aby sme mohli odhali\u0165 spam.<\/p>\n\n\n\n<p>Anonymizovan\u00fd re\u0165azec vytvoren\u00fd z va\u0161ej e-mailovej adresy (zn\u00e1my aj ako hash) m\u00f4\u017ee by\u0165 odoslan\u00fd slu\u017ebe Gravatar na overenie jej pou\u017e\u00edvania. \" Z\u00e1sady ochrany osobn\u00fdch \u00fadajov slu\u017eby Gravatar s\u00fa k dispoz\u00edcii tu: <a href=\"https:\/\/automattic.com\/privacy\/\">https:\/\/automattic.com\/privacy\/<\/a>. Po schv\u00e1len\u00ed v\u00e1\u0161ho koment\u00e1ra sa va\u0161a profilov\u00e1 fotografia stane verejne vidite\u013enou v kontexte koment\u00e1ra.<\/p>\n\n\n\n<p><strong>M\u00e9di\u00e1<\/strong><br>Odpor\u00fa\u010dan\u00fd text: Ak nahr\u00e1vate fotografie na webov\u00e9 str\u00e1nky, odpor\u00fa\u010dame vyhn\u00fa\u0165 sa nahr\u00e1vaniu fotografi\u00ed s vlo\u017een\u00fdmi \u00fadajmi o polohe (EXIF GPS). N\u00e1v\u0161tevn\u00edci webovej lokality si m\u00f4\u017eu z nahran\u00fdch fotografi\u00ed stiahnu\u0165 a z\u00edska\u0165 v\u0161etky \u00fadaje o polohe.<\/p>\n\n\n\n<p><strong>Cookies<\/strong><br>Odpor\u00fa\u010dan\u00fd text: Ak na na\u0161ej webovej str\u00e1nke zanech\u00e1te koment\u00e1r, m\u00f4\u017eete si zvoli\u0165 ulo\u017eenie v\u00e1\u0161ho mena, e-mailovej adresy a webovej adresy do s\u00faborov cookie. Je to kv\u00f4li pohodliu, aby ste tieto \u00fadaje nemuseli pri zanech\u00e1van\u00ed \u010fal\u0161ieho koment\u00e1ra vyp\u013a\u0148a\u0165 znova. Tieto s\u00fabory cookie bud\u00fa platn\u00e9 jeden rok.<\/p>\n\n\n\n<p>Ak nav\u0161t\u00edvite prihlasovaciu str\u00e1nku, nastav\u00edme do\u010dasn\u00fd s\u00fabor cookie, aby sme skontrolovali, \u010di v\u00e1\u0161 prehliada\u010d prij\u00edma s\u00fabory cookie. Tento s\u00fabor cookie neobsahuje osobn\u00e9 \u00fadaje a po zatvoren\u00ed prehliada\u010da sa odstr\u00e1ni.<\/p>\n\n\n\n<p>Ke\u010f sa prihl\u00e1site, nastav\u00edme aj nieko\u013eko s\u00faborov cookie na ulo\u017eenie va\u0161ich prihlasovac\u00edch \u00fadajov a predvolieb obrazovky. S\u00fabory cookie na prihl\u00e1senie s\u00fa platn\u00e9 dva dni a s\u00fabory cookie s nastaveniami zobrazenia s\u00fa platn\u00e9 jeden rok. Ak zvol\u00edte mo\u017enos\u0165 \"Zapam\u00e4ta\u0165 si ma\", va\u0161e prihl\u00e1senie bude platn\u00e9 dva t\u00fd\u017edne. Ak sa odhl\u00e1site, va\u0161e prihlasovacie s\u00fabory cookie sa odstr\u00e1nia.<\/p>\n\n\n\n<p>Ak uprav\u00edte alebo uverejn\u00edte \u010dl\u00e1nok, do v\u00e1\u0161ho prehliada\u010da sa ulo\u017e\u00ed \u010fal\u0161\u00ed s\u00fabor cookie. Tento s\u00fabor cookie neobsahuje \u017eiadne osobn\u00e9 \u00fadaje a jednoducho uv\u00e1dza ID pr\u00edspevku upravovan\u00e9ho \u010dl\u00e1nku. Je platn\u00fd 1 de\u0148.<\/p>\n\n\n\n<p><strong>Vlo\u017een\u00fd obsah z in\u00fdch webov\u00fdch lokal\u00edt<\/strong><br>Navrhovan\u00fd text: \u010cl\u00e1nky na tejto webovej str\u00e1nke m\u00f4\u017eu obsahova\u0165 vlo\u017een\u00fd obsah (napr. vide\u00e1, fotografie, \u010dl\u00e1nky at\u010f.). Vlo\u017een\u00fd obsah z in\u00fdch webov\u00fdch str\u00e1nok sa spr\u00e1va, ako keby n\u00e1v\u0161tevn\u00edk nav\u0161t\u00edvil dan\u00fa in\u00fa webov\u00fa str\u00e1nku.<\/p>\n\n\n\n<p>Tieto webov\u00e9 lokality m\u00f4\u017eu zhroma\u017e\u010fova\u0165 \u00fadaje o v\u00e1s, pou\u017e\u00edva\u0165 s\u00fabory cookie, vklada\u0165 \u010fal\u0161ie sledovanie tret\u00edch str\u00e1n a monitorova\u0165 va\u0161u interakciu s vlo\u017een\u00fdm obsahom vr\u00e1tane va\u0161ej interakcie s vlo\u017een\u00fdm obsahom, ak m\u00e1te \u00fa\u010det a ste prihl\u00e1sen\u00ed na danej webovej lokalite.<\/p>\n\n\n\n<p><strong>S k\u00fdm zdie\u013eame va\u0161e \u00fadaje<\/strong><br>Navrhovan\u00fd text: Ak po\u017eiadate o obnovenie hesla, va\u0161a IP adresa bude uveden\u00e1 v e-maile o obnoven\u00ed hesla.<\/p>\n\n\n\n<p><strong>Ako dlho uchov\u00e1vame va\u0161e \u00fadaje<\/strong><br>Navrhovan\u00fd text: Ak zanech\u00e1te koment\u00e1r, koment\u00e1r a jeho meta\u00fadaje sa ulo\u017eia na neur\u010dit\u00fa dobu. Je to preto, aby sme mohli automaticky rozpozna\u0165 a schv\u00e1li\u0165 v\u0161etky nasleduj\u00face koment\u00e1re namiesto toho, aby sme ich uchov\u00e1vali vo fronte na moderovanie.<\/p>\n\n\n\n<p>V pr\u00edpade pou\u017e\u00edvate\u013eov, ktor\u00ed sa zaregistruj\u00fa na na\u0161ej webovej lokalite (ak existuj\u00fa), chr\u00e1nime aj osobn\u00e9 \u00fadaje, ktor\u00e9 poskytn\u00fa vo svojom profile. V\u0161etci pou\u017e\u00edvatelia si m\u00f4\u017eu svoje osobn\u00e9 \u00fadaje (okrem pou\u017e\u00edvate\u013esk\u00e9ho mena) kedyko\u013evek prezera\u0165, upravova\u0165 alebo vymaza\u0165. Tieto inform\u00e1cie si m\u00f4\u017eu prezera\u0165 a upravova\u0165 aj spr\u00e1vcovia str\u00e1nky.<\/p>\n\n\n\n<p><strong>Ak\u00e9 pr\u00e1va m\u00e1te v s\u00favislosti so svojimi \u00fadajmi<\/strong><br>Navrhovan\u00fd text: Ak m\u00e1te na tejto webovej str\u00e1nke \u00fa\u010det alebo ste zanechali koment\u00e1re, m\u00f4\u017eete po\u017eiada\u0165 o zaslanie exportovan\u00e9ho s\u00faboru osobn\u00fdch \u00fadajov, ktor\u00e9 o v\u00e1s uchov\u00e1vame, vr\u00e1tane v\u0161etk\u00fdch \u00fadajov, ktor\u00e9 ste poskytli. M\u00f4\u017eete tie\u017e po\u017eiada\u0165 o vymazanie v\u0161etk\u00fdch osobn\u00fdch \u00fadajov, ktor\u00e9 o v\u00e1s uchov\u00e1vame. Toto sa net\u00fdka \u00fadajov, ktor\u00e9 sme povinn\u00ed uchov\u00e1va\u0165 na administrat\u00edvne, pr\u00e1vne alebo bezpe\u010dnostn\u00e9 \u00fa\u010dely.<\/p>\n\n\n\n<p><strong>Kam sa va\u0161e \u00fadaje odosielaj\u00fa<\/strong><br>Navrhovan\u00fd text: koment\u00e1re n\u00e1v\u0161tevn\u00edkov mo\u017eno kontrolova\u0165 pomocou automatickej slu\u017eby na detekciu spamu.<\/p>","protected":false},"excerpt":{"rendered":"<p>Kto smeNavrhovan\u00fd text: na\u0161a webov\u00e1 adresa: https:\/\/liepsnele.eu. Koment\u00e1reNavrhovan\u00fd text: Ke\u010f n\u00e1v\u0161tevn\u00edci zanech\u00e1vaj\u00fa na str\u00e1nke koment\u00e1re, zhroma\u017e\u010fujeme \u00fadaje, ktor\u00e9 s\u00fa uveden\u00e9 vo formul\u00e1ri koment\u00e1ra, ako aj IP adresu n\u00e1v\u0161tevn\u00edka a re\u0165azec pou\u017e\u00edvate\u013esk\u00e9ho agenta prehliada\u010da, aby sme odhalili spam. Anonymizovan\u00fd re\u0165azec vygenerovan\u00fd z va\u0161ej e-mailovej adresy (zn\u00e1my aj ako hash) mo\u017eno odosla\u0165 slu\u017ebe Gravatar na kontrolu [...]<\/p>","protected":false},"author":1,"featured_media":0,"parent":0,"menu_order":0,"comment_status":"closed","ping_status":"closed","template":"","meta":{"order-bump-settings":[],"_wpfnl_thankyou_order_overview":"on","_wpfnl_thankyou_order_details":"on","_wpfnl_thankyou_billing_details":"on","_wpfnl_thankyou_shipping_details":"on","footnotes":""},"class_list":["post-3","page","type-page","status-publish","hentry"],"_links":{"self":[{"href":"https:\/\/liepsnele.eu\/sk\/wp-json\/wp\/v2\/pages\/3","targetHints":{"allow":["GET"]}}],"collection":[{"href":"https:\/\/liepsnele.eu\/sk\/wp-json\/wp\/v2\/pages"}],"about":[{"href":"https:\/\/liepsnele.eu\/sk\/wp-json\/wp\/v2\/types\/page"}],"author":[{"embeddable":true,"href":"https:\/\/liepsnele.eu\/sk\/wp-json\/wp\/v2\/users\/1"}],"replies":[{"embeddable":true,"href":"https:\/\/liepsnele.eu\/sk\/wp-json\/wp\/v2\/comments?post=3"}],"version-history":[{"count":0,"href":"https:\/\/liepsnele.eu\/sk\/wp-json\/wp\/v2\/pages\/3\/revisions"}],"wp:attachment":[{"href":"https:\/\/liepsnele.eu\/sk\/wp-json\/wp\/v2\/media?parent=3"}],"curies":[{"name":"wp","href":"https:\/\/api.w.org\/{rel}","templated":true}]}}