{"id":15,"date":"2024-11-29T19:22:07","date_gmt":"2024-11-29T19:22:07","guid":{"rendered":"http:\/\/liepsnele.eu\/?post_type=product&#038;p=15"},"modified":"2025-09-30T13:12:23","modified_gmt":"2025-09-30T13:12:23","slug":"liepsnele-l20-eco","status":"publish","type":"product","link":"https:\/\/liepsnele.eu\/sk\/product\/bezplamenove-l20-eco\/","title":{"rendered":"Liepsnel\u0117 L20 ECO"},"content":{"rendered":"<ul>\n<li>Odn\u00edmate\u013en\u00fd hor\u00e1k na pelety.<\/li>\n<li>\u0160irok\u00fd sortiment pal\u00edv, ako s\u00fa dreven\u00e9 pelety, palivov\u00e9 drevo, drevn\u00e1 \u0161tiepka, piliny, \u0161tiepka, pilinov\u00e9 brikety.<\/li>\n<li>Extr\u00e9mne dlh\u00fd \u010das horenia s drevn\u00fdmi peletami v z\u00e1vislosti od ve\u013ekosti palivovej n\u00e1dr\u017ee, a\u017e 36 hod\u00edn s drevom a a\u017e 60 hod\u00edn s pilinov\u00fdmi briketami. elektronick\u00e9 ovl\u00e1danie syst\u00e9mu pr\u00edvodu vzduchu (s in\u00fdmi ako drevn\u00fdmi peletami, ve\u013emi jednoduch\u00e9 ovl\u00e1danie a zrozumite\u013en\u00e9).<\/li>\n<\/ul>","protected":false},"excerpt":{"rendered":"<p><!-- First Table --><\/p>\n<table style=\"border-collapse: separate; border-spacing: 0; width: 100%; border: 2px solid #ccc; border-radius: 8px; overflow: hidden; margin-bottom: 20px;\">\n<thead>\n<tr>\n<th>Technick\u00e9 \u00fadaje<\/th>\n<th>V\u00fdznam<\/th>\n<\/tr>\n<\/thead>\n<tbody>\n<tr>\n<td>Energetick\u00e1 trieda<\/td>\n<td>A+<\/td>\n<\/tr>\n<tr>\n<td>Emisn\u00e1 trieda (pod\u013ea EN 303-5)<\/td>\n<td>5<\/td>\n<\/tr>\n<tr>\n<td>V\u00fdkon hor\u00e1ka na pelety (kW)<\/td>\n<td>4 &#8211; 16<\/td>\n<\/tr>\n<tr>\n<td>V\u00fdkon (kW)<\/td>\n<td>15<\/td>\n<\/tr>\n<tr>\n<td>Vykurovan\u00e1 plocha (m\u00b2)<\/td>\n<td>50 &#8211; 180<\/td>\n<\/tr>\n<tr>\n<td>Obsah vody v kotle (l)<\/td>\n<td>35<\/td>\n<\/tr>\n<tr>\n<td>Maxim\u00e1lny tlak vody v kotle (bar)<\/td>\n<td>1,5<\/td>\n<\/tr>\n<tr>\n<td>Maxim\u00e1lny prietok ohriatej vody (l\/hod.)<\/td>\n<td>600<\/td>\n<\/tr>\n<tr>\n<td>Priemer kom\u00edna (mm)<\/td>\n<td>180<\/td>\n<\/tr>\n<tr>\n<td>\u0164ah kom\u00edna (Pa)<\/td>\n<td>10 &#8211; 20<\/td>\n<\/tr>\n<tr>\n<td>Odpor\u00fa\u010dan\u00e1 teplota vody v kotle min (\u00b0C)<\/td>\n<td>70<\/td>\n<\/tr>\n<tr>\n<td>Hmotnos\u0165 (kg)<\/td>\n<td>265<\/td>\n<\/tr>\n<\/tbody>\n<\/table>\n<p><!-- Second Table --><\/p>\n<table style=\"border-collapse: separate; border-spacing: 0; width: 100%; border: 2px solid #ccc; border-radius: 8px; overflow: hidden;\">\n<thead>\n<tr>\n<th colspan=\"2\">Pou\u017e\u00edvanie kotla bez hor\u00e1ka na pelety<\/th>\n<\/tr>\n<\/thead>\n<tbody>\n<tr>\n<td>Objem paliva (m\u00b3)<\/td>\n<td>0,19<\/td>\n<\/tr>\n<tr>\n<td>Odpor\u00fa\u010dan\u00e1 d\u013a\u017eka palivov\u00e9ho dreva (cm)<\/td>\n<td>35 &#8211; 45<\/td>\n<\/tr>\n<tr>\n<td>\u010cas horenia min-max (hod.) pre jednu d\u00e1vku palivov\u00e9ho dreva<\/td>\n<td>6 &#8211; 36<\/td>\n<\/tr>\n<tr>\n<td>\u010cas horenia min-max (hod.)* pre pilinov\u00e9 brikety s jednou n\u00e1pl\u0148ou, ra\u0161elinov\u00e9 brikety<\/td>\n<td>24 &#8211; 60<\/td>\n<\/tr>\n<tr>\n<td>Rozmery otvoru na nakladanie paliva oce\u013eov\u00e9 dvere (mm)<\/td>\n<td>340 x 280<\/td>\n<\/tr>\n<\/tbody>\n<\/table>\n<p style=\"font-size: 0.9em; margin-top: 10px;\">*\u010cas horenia dennej d\u00e1vky paliva z\u00e1vis\u00ed od kvality paliva, tepeln\u00e9ho odporu budovy, in\u0161tal\u00e1cie vykurovacieho syst\u00e9mu a kotla a vonkaj\u0161ej teploty.<\/p>","protected":false},"featured_media":1447,"template":"","meta":{"order-bump-settings":[],"_wpfnl_thankyou_order_overview":"on","_wpfnl_thankyou_order_details":"on","_wpfnl_thankyou_billing_details":"on","_wpfnl_thankyou_shipping_details":"on"},"product_brand":[],"product_cat":[59,57],"product_tag":[50,49,52],"class_list":{"0":"post-15","1":"product","2":"type-product","3":"status-publish","4":"has-post-thumbnail","6":"product_cat-81-180","7":"product_cat-eco","8":"product_tag-briquette","9":"product_tag-firewood","10":"product_tag-pellets","12":"first","13":"instock","14":"shipping-taxable","15":"product-type-simple"},"_links":{"self":[{"href":"https:\/\/liepsnele.eu\/sk\/wp-json\/wp\/v2\/product\/15","targetHints":{"allow":["GET"]}}],"collection":[{"href":"https:\/\/liepsnele.eu\/sk\/wp-json\/wp\/v2\/product"}],"about":[{"href":"https:\/\/liepsnele.eu\/sk\/wp-json\/wp\/v2\/types\/product"}],"version-history":[{"count":1,"href":"https:\/\/liepsnele.eu\/sk\/wp-json\/wp\/v2\/product\/15\/revisions"}],"predecessor-version":[{"id":2015,"href":"https:\/\/liepsnele.eu\/sk\/wp-json\/wp\/v2\/product\/15\/revisions\/2015"}],"wp:featuredmedia":[{"embeddable":true,"href":"https:\/\/liepsnele.eu\/sk\/wp-json\/wp\/v2\/media\/1447"}],"wp:attachment":[{"href":"https:\/\/liepsnele.eu\/sk\/wp-json\/wp\/v2\/media?parent=15"}],"wp:term":[{"taxonomy":"product_brand","embeddable":true,"href":"https:\/\/liepsnele.eu\/sk\/wp-json\/wp\/v2\/product_brand?post=15"},{"taxonomy":"product_cat","embeddable":true,"href":"https:\/\/liepsnele.eu\/sk\/wp-json\/wp\/v2\/product_cat?post=15"},{"taxonomy":"product_tag","embeddable":true,"href":"https:\/\/liepsnele.eu\/sk\/wp-json\/wp\/v2\/product_tag?post=15"}],"curies":[{"name":"wp","href":"https:\/\/api.w.org\/{rel}","templated":true}]}}