{"id":231,"date":"2024-11-29T19:22:57","date_gmt":"2024-11-29T19:22:57","guid":{"rendered":"http:\/\/liepsnele.eu\/?post_type=product&#038;p=231"},"modified":"2025-09-30T13:09:30","modified_gmt":"2025-09-30T13:09:30","slug":"liepsnele-l30-bio-klasika","status":"publish","type":"product","link":"https:\/\/liepsnele.eu\/sk\/product\/flame-l30-bio-classic\/","title":{"rendered":"Liepsnel\u0117 L30 BIO"},"content":{"rendered":"<ul>\n<li>\u0160irok\u00fd sortiment pal\u00edv vr\u00e1tane palivov\u00e9ho dreva, drevnej \u0161tiepky, pil\u00edn, drevnej \u0161tiepky, pilinov\u00fdch brikiet.<\/li>\n<li>Extr\u00e9mne dlh\u00fd \u010das horenia, a\u017e 36 hod\u00edn pri dreve a a\u017e 60 hod\u00edn pri pilinov\u00fdch briket\u00e1ch.<\/li>\n<li>Ovl\u00e1danie syst\u00e9mu pr\u00edvodu vzduchu pomocou termostatick\u00e9ho regul\u00e1tora (ve\u013emi jednoduch\u00fd na obsluhu a zrozumite\u013en\u00fd).<\/li>\n<li>Z\u00e1kladn\u00e9 balenie je vybaven\u00e9 ventil\u00e1torom na pr\u00edvod vzduchu (ve\u013ek\u00e1 v\u00fdhoda pri spa\u013eovan\u00ed hor\u0161\u00edch pal\u00edv a pri probl\u00e9moch s \u0165ahom kom\u00edna).<\/li>\n<li>K dispoz\u00edcii je model s elektronick\u00fdm ovl\u00e1dan\u00edm.<\/li>\n<\/ul>","protected":false},"excerpt":{"rendered":"<ul>\n<li>Kotly s\u00fa vyroben\u00e9 z vysokokvalitn\u00fdch materi\u00e1lov.<\/li>\n<li>Dlh\u00fd \u010das horenia na jedno nabitie (a\u017e 36 hod\u00edn s drevom, a\u017e 60 hod\u00edn s pilinov\u00fdmi briketami).<\/li>\n<li>ve\u013emi kompaktn\u00e9 (do 1m2 v kotolni).<\/li>\n<li>vysok\u00fd NVC (koeficient v\u00fdkonnosti) a\u017e do 86%.<\/li>\n<li>jednoduch\u00e1 kon\u0161trukcia a \u013eahk\u00e1 \u00fadr\u017eba.<\/li>\n<li>v\u0161etky modely s\u00fa vybaven\u00e9 ventil\u00e1tormi (ve\u013ek\u00e1 v\u00fdhoda pri spa\u013eovan\u00ed hor\u0161\u00edch pal\u00edv a pri probl\u00e9moch s \u0165ahom kom\u00edna).<\/li>\n<li>Ovl\u00e1danie syst\u00e9mu pr\u00edvodu vzduchu pomocou termostatick\u00e9ho regul\u00e1tora (ve\u013emi jednoduch\u00fd na obsluhu a zrozumite\u013en\u00fd).<\/li>\n<li>kr\u00e1sny dizajn.<\/li>\n<li>Na v\u00fdvoji kotlov a implement\u00e1cii inovat\u00edvnych rie\u0161en\u00ed sa akt\u00edvne podie\u013eaj\u00fa odborn\u00edci z Technologickej univerzity v Kaunase.<\/li>\n<\/ul>","protected":false},"featured_media":1453,"template":"","meta":{"order-bump-settings":[],"_wpfnl_thankyou_order_overview":"on","_wpfnl_thankyou_order_details":"on","_wpfnl_thankyou_billing_details":"on","_wpfnl_thankyou_shipping_details":"on"},"product_brand":[],"product_cat":[60,53],"product_tag":[50,49],"class_list":{"0":"post-231","1":"product","2":"type-product","3":"status-publish","4":"has-post-thumbnail","6":"product_cat-181-280","7":"product_cat-bio","8":"product_tag-briquette","9":"product_tag-firewood","11":"first","12":"instock","13":"shipping-taxable","14":"product-type-simple"},"_links":{"self":[{"href":"https:\/\/liepsnele.eu\/sk\/wp-json\/wp\/v2\/product\/231","targetHints":{"allow":["GET"]}}],"collection":[{"href":"https:\/\/liepsnele.eu\/sk\/wp-json\/wp\/v2\/product"}],"about":[{"href":"https:\/\/liepsnele.eu\/sk\/wp-json\/wp\/v2\/types\/product"}],"version-history":[{"count":1,"href":"https:\/\/liepsnele.eu\/sk\/wp-json\/wp\/v2\/product\/231\/revisions"}],"predecessor-version":[{"id":2010,"href":"https:\/\/liepsnele.eu\/sk\/wp-json\/wp\/v2\/product\/231\/revisions\/2010"}],"wp:featuredmedia":[{"embeddable":true,"href":"https:\/\/liepsnele.eu\/sk\/wp-json\/wp\/v2\/media\/1453"}],"wp:attachment":[{"href":"https:\/\/liepsnele.eu\/sk\/wp-json\/wp\/v2\/media?parent=231"}],"wp:term":[{"taxonomy":"product_brand","embeddable":true,"href":"https:\/\/liepsnele.eu\/sk\/wp-json\/wp\/v2\/product_brand?post=231"},{"taxonomy":"product_cat","embeddable":true,"href":"https:\/\/liepsnele.eu\/sk\/wp-json\/wp\/v2\/product_cat?post=231"},{"taxonomy":"product_tag","embeddable":true,"href":"https:\/\/liepsnele.eu\/sk\/wp-json\/wp\/v2\/product_tag?post=231"}],"curies":[{"name":"wp","href":"https:\/\/api.w.org\/{rel}","templated":true}]}}