{"id":326,"date":"2024-11-29T19:23:15","date_gmt":"2024-11-29T19:23:15","guid":{"rendered":"http:\/\/liepsnele.eu\/?post_type=product&#038;p=326"},"modified":"2025-09-30T13:06:53","modified_gmt":"2025-09-30T13:06:53","slug":"liepsnele-l40-bio-comfort","status":"publish","type":"product","link":"https:\/\/liepsnele.eu\/sk\/product\/flame-l40-bio-comfort\/","title":{"rendered":"Liepsnel\u0117 L40 BIO Comfort"},"content":{"rendered":"<ul>\n<li>\u0160irok\u00fd sortiment pal\u00edv vr\u00e1tane palivov\u00e9ho dreva, drevnej \u0161tiepky, pil\u00edn, drevnej \u0161tiepky, pilinov\u00fdch brikiet. Kotol s popoln\u00edkom. V\u010faka stredov\u00fdm dvierkam je mo\u017en\u00e9 vytvori\u0165 letn\u00fd ohe\u0148.<\/li>\n<li>Extr\u00e9mne dlh\u00fd \u010das horenia, a\u017e 36 hod\u00edn pri dreve a a\u017e 60 hod\u00edn pri pilinov\u00fdch briket\u00e1ch.<\/li>\n<li>Ovl\u00e1danie syst\u00e9mu pr\u00edvodu vzduchu pomocou termostatick\u00e9ho regul\u00e1tora (ve\u013emi jednoduch\u00fd na obsluhu a zrozumite\u013en\u00fd).<\/li>\n<li>Z\u00e1kladn\u00e9 balenie je vybaven\u00e9 ventil\u00e1torom na pr\u00edvod vzduchu (ve\u013ek\u00e1 v\u00fdhoda pri spa\u013eovan\u00ed hor\u0161\u00edch pal\u00edv a pri probl\u00e9moch s \u0165ahom kom\u00edna).<\/li>\n<li>K dispoz\u00edcii je model s elektronick\u00fdm ovl\u00e1dan\u00edm.<\/li>\n<\/ul>","protected":false},"excerpt":{"rendered":"<table style=\"border-collapse: separate; border-spacing: 0; width: 100%; border: 2px solid #ccc; border-radius: 8px; overflow: hidden;\">\n<thead>\n<tr>\n<th>Technick\u00e9 \u00fadaje<\/th>\n<th>V\u00fdznam<\/th>\n<\/tr>\n<\/thead>\n<tbody>\n<tr>\n<td>V\u00fdkon (kW)<\/td>\n<td>40<\/td>\n<\/tr>\n<tr>\n<td>Vykurovan\u00e1 plocha (m\u00b2)<\/td>\n<td>200 &#8211; 300<\/td>\n<\/tr>\n<tr>\n<td>Objem paliva (m\u00b3)<\/td>\n<td>0,28<\/td>\n<\/tr>\n<tr>\n<td>Kapacita palivov\u00e9ho dreva (kg)<\/td>\n<td>67<\/td>\n<\/tr>\n<tr>\n<td>Odpor\u00fa\u010dan\u00e1 d\u013a\u017eka palivov\u00e9ho dreva (cm)<\/td>\n<td>45 &#8211; 55<\/td>\n<\/tr>\n<tr>\n<td>Obsah vody v kotle (l)<\/td>\n<td>40<\/td>\n<\/tr>\n<tr>\n<td>\u010cas horenia min-max (hod.) pre jednu d\u00e1vku palivov\u00e9ho dreva<\/td>\n<td>6 &#8211; 36<\/td>\n<\/tr>\n<tr>\n<td>\u010cas horenia min-max (hod.) pre brikety z pil\u00edn s jednou n\u00e1pl\u0148ou<\/td>\n<td>24 &#8211; 60<\/td>\n<\/tr>\n<tr>\n<td>Koeficient v\u00fdkonu do (%)<\/td>\n<td>86<\/td>\n<\/tr>\n<tr>\n<td>Maxim\u00e1lny tlak vody v kotle (bar)<\/td>\n<td>1,5<\/td>\n<\/tr>\n<tr>\n<td>Maxim\u00e1lny prietok ohriatej vody (l\/hod.)<\/td>\n<td>1000<\/td>\n<\/tr>\n<tr>\n<td>Rozmery otvoru na nakladanie paliva (mm)<\/td>\n<td>280 x 240<\/td>\n<\/tr>\n<tr>\n<td>Rozmery otvoru na nakladanie paliva oce\u013eov\u00e9 dvere (mm)<\/td>\n<td>340 x 280<\/td>\n<\/tr>\n<tr>\n<td>Priemer kom\u00edna (mm)<\/td>\n<td>180<\/td>\n<\/tr>\n<tr>\n<td>\u0164ah kom\u00edna (Pa)<\/td>\n<td>10 &#8211; 20<\/td>\n<\/tr>\n<tr>\n<td>Odpor\u00fa\u010dan\u00e1 teplota vody v kotle min (\u00b0C)<\/td>\n<td>70<\/td>\n<\/tr>\n<tr>\n<td>Hmotnos\u0165 (kg)<\/td>\n<td>332<\/td>\n<\/tr>\n<\/tbody>\n<\/table>\n<p style=\"font-size: 0.9em; margin-top: 10px;\">*\u010cas horenia dennej d\u00e1vky paliva z\u00e1vis\u00ed od kvality paliva, tepeln\u00e9ho odporu budovy, in\u0161tal\u00e1cie vykurovacieho syst\u00e9mu a kotla a vonkaj\u0161ej teploty.<\/p>","protected":false},"featured_media":1460,"template":"","meta":{"order-bump-settings":[],"_wpfnl_thankyou_order_overview":"on","_wpfnl_thankyou_order_details":"on","_wpfnl_thankyou_billing_details":"on","_wpfnl_thankyou_shipping_details":"on"},"product_brand":[],"product_cat":[61,53],"product_tag":[50,49],"class_list":{"0":"post-326","1":"product","2":"type-product","3":"status-publish","4":"has-post-thumbnail","6":"product_cat-281-380","7":"product_cat-bio","8":"product_tag-briquette","9":"product_tag-firewood","11":"first","12":"instock","13":"shipping-taxable","14":"product-type-simple"},"_links":{"self":[{"href":"https:\/\/liepsnele.eu\/sk\/wp-json\/wp\/v2\/product\/326","targetHints":{"allow":["GET"]}}],"collection":[{"href":"https:\/\/liepsnele.eu\/sk\/wp-json\/wp\/v2\/product"}],"about":[{"href":"https:\/\/liepsnele.eu\/sk\/wp-json\/wp\/v2\/types\/product"}],"version-history":[{"count":1,"href":"https:\/\/liepsnele.eu\/sk\/wp-json\/wp\/v2\/product\/326\/revisions"}],"predecessor-version":[{"id":2005,"href":"https:\/\/liepsnele.eu\/sk\/wp-json\/wp\/v2\/product\/326\/revisions\/2005"}],"wp:featuredmedia":[{"embeddable":true,"href":"https:\/\/liepsnele.eu\/sk\/wp-json\/wp\/v2\/media\/1460"}],"wp:attachment":[{"href":"https:\/\/liepsnele.eu\/sk\/wp-json\/wp\/v2\/media?parent=326"}],"wp:term":[{"taxonomy":"product_brand","embeddable":true,"href":"https:\/\/liepsnele.eu\/sk\/wp-json\/wp\/v2\/product_brand?post=326"},{"taxonomy":"product_cat","embeddable":true,"href":"https:\/\/liepsnele.eu\/sk\/wp-json\/wp\/v2\/product_cat?post=326"},{"taxonomy":"product_tag","embeddable":true,"href":"https:\/\/liepsnele.eu\/sk\/wp-json\/wp\/v2\/product_tag?post=326"}],"curies":[{"name":"wp","href":"https:\/\/api.w.org\/{rel}","templated":true}]}}